{"id":5359,"date":"2022-02-14T13:37:28","date_gmt":"2022-02-14T13:37:28","guid":{"rendered":"https:\/\/texasprotax.com\/error-en-la-promocion-de-texas-protax\/"},"modified":"2025-08-27T08:06:51","modified_gmt":"2025-08-27T08:06:51","slug":"error-en-la-promocion-de-texas-protax","status":"publish","type":"page","link":"https:\/\/texasprotax.atxclients.com\/es\/error-en-la-promocion-de-texas-protax\/","title":{"rendered":"Error en la promoci\u00f3n de Texas Protax"},"content":{"rendered":"<p>[et_pb_section fb_built=\u00bb1&#8243; admin_label=\u00bbSection\u00bb module_class=\u00bbteam-banner\u00bb _builder_version=\u00bb4.13.0&#8243; _module_preset=\u00bbdefault\u00bb background_enable_color=\u00bboff\u00bb use_background_color_gradient=\u00bbon\u00bb background_color_gradient_start=\u00bb#eaecfd\u00bb background_color_gradient_end=\u00bb#ffffff\u00bb background_enable_image=\u00bboff\u00bb background_position=\u00bbtop_center\u00bb custom_padding=\u00bb170px||150px||false|false\u00bb da_disable_devices=\u00bboff|off|off\u00bb locked=\u00bboff\u00bb collapsed=\u00bboff\u00bb global_colors_info=\u00bb{}\u00bb da_is_popup=\u00bboff\u00bb da_exit_intent=\u00bboff\u00bb da_has_close=\u00bbon\u00bb da_alt_close=\u00bboff\u00bb da_dark_close=\u00bboff\u00bb da_not_modal=\u00bbon\u00bb da_is_singular=\u00bboff\u00bb da_with_loader=\u00bboff\u00bb da_has_shadow=\u00bbon\u00bb][et_pb_row _builder_version=\u00bb4.13.0&#8243; _module_preset=\u00bbdefault\u00bb width=\u00bb85%\u00bb max_width=\u00bb1065px\u00bb custom_margin=\u00bb||||false|false\u00bb custom_padding=\u00bb10px||10px||true|false\u00bb global_colors_info=\u00bb{}\u00bb][et_pb_column type=\u00bb4_4&#8243; _builder_version=\u00bb4.13.0&#8243; _module_preset=\u00bbdefault\u00bb global_colors_info=\u00bb{}\u00bb][et_pb_text _builder_version=\u00bb4.13.0&#8243; _module_preset=\u00bbdefault\u00bb text_font=\u00bbPoppins|600|||||||\u00bb text_text_color=\u00bb#0a1475&#8243; text_font_size=\u00bb16px\u00bb text_orientation=\u00bbcenter\u00bb global_colors_info=\u00bb{}\u00bb]<\/p>\n<p class=\"sub-title\"><img decoding=\"async\" src=\"\/wp-content\/uploads\/2025\/08\/logo-icon.png\">c\u00f3digo<\/p>\n<p>[\/et_pb_text][et_pb_text admin_label=\u00bbText\u00bb _builder_version=\u00bb4.13.0&#8243; _module_preset=\u00bbdefault\u00bb text_font=\u00bbPoppins||||||||\u00bb text_text_color=\u00bb#0a1475&#8243; text_font_size=\u00bb16px\u00bb text_line_height=\u00bb26px\u00bb header_font=\u00bbPoppins|700|||||||\u00bb header_text_align=\u00bbcenter\u00bb header_text_color=\u00bb#030303&#8243; header_font_size=\u00bb50px\u00bb header_line_height=\u00bb60px\u00bb text_orientation=\u00bbcenter\u00bb background_layout=\u00bbdark\u00bb custom_margin=\u00bb||3px||false|false\u00bb custom_margin_tablet=\u00bb|||15px|false|false\u00bb custom_margin_phone=\u00bb|||15px|false|false\u00bb custom_margin_last_edited=\u00bbon|desktop\u00bb hover_enabled=\u00bb0&#8243; text_font_size_tablet=\u00bb16px\u00bb text_font_size_phone=\u00bb15px\u00bb text_font_size_last_edited=\u00bbon|desktop\u00bb text_line_height_tablet=\u00bb32px\u00bb text_line_height_phone=\u00bb26px\u00bb text_line_height_last_edited=\u00bbon|phone\u00bb header_font_size_tablet=\u00bb30px\u00bb header_font_size_phone=\u00bb24px\u00bb header_font_size_last_edited=\u00bbon|phone\u00bb header_line_height_tablet=\u00bb36px\u00bb header_line_height_phone=\u00bb28px\u00bb header_line_height_last_edited=\u00bbon|desktop\u00bb global_colors_info=\u00bb{}\u00bb sticky_enabled=\u00bb0&#8243;]<\/p>\n<h1>Por favor, introduzca el c\u00f3digo que recibi\u00f3 en su tarjeta personalizada*<br \/>\n<\/h1>\n<p>[\/et_pb_text][\/et_pb_column][\/et_pb_row][\/et_pb_section][et_pb_section fb_built=\u00bb1&#8243; _builder_version=\u00bb4.13.0&#8243; _module_preset=\u00bbdefault\u00bb background_color=\u00bbRGBA(0,0,0,0)\u00bb custom_margin=\u00bb-105px||||false|false\u00bb custom_padding=\u00bb||0px||false|false\u00bb da_disable_devices=\u00bboff|off|off\u00bb global_colors_info=\u00bb{}\u00bb da_is_popup=\u00bboff\u00bb da_exit_intent=\u00bboff\u00bb da_has_close=\u00bbon\u00bb da_alt_close=\u00bboff\u00bb da_dark_close=\u00bboff\u00bb da_not_modal=\u00bbon\u00bb da_is_singular=\u00bboff\u00bb da_with_loader=\u00bboff\u00bb da_has_shadow=\u00bbon\u00bb][et_pb_row _builder_version=\u00bb4.13.0&#8243; _module_preset=\u00bbdefault\u00bb custom_padding=\u00bb0px||0px||false|false\u00bb global_colors_info=\u00bb{}\u00bb][et_pb_column type=\u00bb4_4&#8243; _builder_version=\u00bb4.13.0&#8243; _module_preset=\u00bbdefault\u00bb global_colors_info=\u00bb{}\u00bb][et_pb_code _builder_version=\u00bb4.13.0&#8243; _module_preset=\u00bbdefault\u00bb hover_enabled=\u00bb0&#8243; global_colors_info=\u00bb{}\u00bb sticky_enabled=\u00bb0&#8243;]<\/p>\n<div class=\"centerText\"><!-- [et_pb_line_break_holder] --><!-- [et_pb_line_break_holder] --><\/p>\n<form id=\"promoForm\" onsubmit=\"getURL()\" method=\"post\"><!-- [et_pb_line_break_holder] -->    <input type=\"text\" id=\"promoCode\" value=\"XXXXXXXX\"><!-- [et_pb_line_break_holder] -->    <input type=\"submit\" value=\"Enviar c\u00f3digo\"><!-- [et_pb_line_break_holder] -->  <pee class=\"warning-text\">*Estos c\u00f3digos distinguen entre may\u00fasculas y min\u00fasculas.<\/pee><!-- [et_pb_line_break_holder] --><\/form>\n<p><!-- [et_pb_line_break_holder] --><!-- [et_pb_line_break_holder] --><\/div>\n<p><!-- [et_pb_line_break_holder] --><!-- [et_pb_line_break_holder] -->[\/et_pb_code][\/et_pb_column][\/et_pb_row][\/et_pb_section][et_pb_section fb_built=\u00bb1&#8243; _builder_version=\u00bb4.13.0&#8243; _module_preset=\u00bbdefault\u00bb custom_padding=\u00bb90px||||false|false\u00bb da_disable_devices=\u00bboff|off|off\u00bb global_colors_info=\u00bb{}\u00bb da_is_popup=\u00bboff\u00bb da_exit_intent=\u00bboff\u00bb da_has_close=\u00bbon\u00bb da_alt_close=\u00bboff\u00bb da_dark_close=\u00bboff\u00bb da_not_modal=\u00bbon\u00bb da_is_singular=\u00bboff\u00bb da_with_loader=\u00bboff\u00bb da_has_shadow=\u00bbon\u00bb][et_pb_row _builder_version=\u00bb4.13.0&#8243; _module_preset=\u00bbdefault\u00bb width=\u00bb65%\u00bb global_colors_info=\u00bb{}\u00bb][et_pb_column type=\u00bb4_4&#8243; _builder_version=\u00bb4.13.0&#8243; _module_preset=\u00bbdefault\u00bb global_colors_info=\u00bb{}\u00bb][et_pb_image src=\u00bbhttps:\/\/texasprotax.atxclients.com\/wp-content\/uploads\/2022\/02\/Cropped-SignUp-Website-Image.png\u00bb align=\u00bbcenter\u00bb _builder_version=\u00bb4.13.0&#8243; _module_preset=\u00bbdefault\u00bb global_colors_info=\u00bb{}\u00bb][\/et_pb_image][et_pb_code _builder_version=\u00bb4.13.0&#8243; _module_preset=\u00bbdefault\u00bb global_colors_info=\u00bb{}\u00bb]<script><!-- [et_pb_line_break_holder] -->function getURL(){<!-- [et_pb_line_break_holder] -->    var code = document.getElementById('promoCode');<!-- [et_pb_line_break_holder] -->    var your_form = document.getElementById('promoForm');<!-- [et_pb_line_break_holder] -->    text =  encodeURIComponent(code.value);<!-- [et_pb_line_break_holder] -->    var urlLink = \"https:\/\/customerportal.texasprotax.com\/marketed\/\";<!-- [et_pb_line_break_holder] -->        if (text === \"21STORM4\"){<!-- [et_pb_line_break_holder] -->        urlLink = \"https:\/\/texasprotax.atxclients.com\/21STORM4\/\";<!-- [et_pb_line_break_holder] -->        } else if (text === \"21storm4\"){<!-- [et_pb_line_break_holder] -->        urlLink = \"https:\/\/texasprotax.atxclients.com\/21STORM4\/\";<!-- [et_pb_line_break_holder] -->        } else if (text === \"21STORM7\"){<!-- [et_pb_line_break_holder] -->        urlLink = \"https:\/\/texasprotax.atxclients.com\/21STORM7\/\";<!-- [et_pb_line_break_holder] -->        } else if (text === \"21storm7\"){<!-- [et_pb_line_break_holder] -->        urlLink = \"https:\/\/texasprotax.atxclients.com\/21STORM7\/\";<!-- [et_pb_line_break_holder] -->        } else if (text === \"21Storm4\"){<!-- [et_pb_line_break_holder] -->        urlLink = \"https:\/\/texasprotax.atxclients.com\/21STORM4\/\";<!-- [et_pb_line_break_holder] -->        }else if (text === \"21Storm7\"){<!-- [et_pb_line_break_holder] -->        urlLink = \"https:\/\/texasprotax.atxclients.com\/21STORM7\/\";<!-- [et_pb_line_break_holder] -->        } else if (text === \"XXXXXXXX\"){<!-- [et_pb_line_break_holder] -->        urlLink = \"https:\/\/texasprotax.atxclients.com\/promo\";<!-- [et_pb_line_break_holder] -->        } else if (text === \"wilco2021\"){<!-- [et_pb_line_break_holder] -->        urlLink = \"https:\/\/texasprotax.atxclients.com\/wilco2021\/\";<!-- [et_pb_line_break_holder] -->        } else if (text === \"WILCO2021\"){<!-- [et_pb_line_break_holder] -->        urlLink = \"https:\/\/texasprotax.atxclients.com\/wilco2021\/\";<!-- [et_pb_line_break_holder] -->        } else if (text === \"Wilco2021\"){<!-- [et_pb_line_break_holder] -->        urlLink = \"https:\/\/texasprotax.atxclients.com\/wilco2021\/\";<!-- [et_pb_line_break_holder] -->        } else if (text === \"21Shock7\"){<!-- [et_pb_line_break_holder] -->        urlLink = \"https:\/\/texasprotax.atxclients.com\/21SHOCK7\/\";<!-- [et_pb_line_break_holder] -->        } else if (text === \"21SHOCK7\"){<!-- [et_pb_line_break_holder] -->        urlLink = \"https:\/\/texasprotax.atxclients.com\/21SHOCK7\/\";<!-- [et_pb_line_break_holder] -->        } else if (text === \"21shock7\"){<!-- [et_pb_line_break_holder] -->        urlLink = \"https:\/\/texasprotax.atxclients.com\/21SHOCK7\/\";<!-- [et_pb_line_break_holder] -->        }else if (text === \"21Shock4\"){<!-- [et_pb_line_break_holder] -->        urlLink = \"https:\/\/texasprotax.atxclients.com\/21SHOCK4\/\";<!-- [et_pb_line_break_holder] -->        } else if (text === \"21SHOCK4\"){<!-- [et_pb_line_break_holder] -->        urlLink = \"https:\/\/texasprotax.atxclients.com\/21SHOCK4\/\";<!-- [et_pb_line_break_holder] -->        } else if (text === \"21shock4\"){<!-- [et_pb_line_break_holder] -->        urlLink = \"https:\/\/texasprotax.atxclients.com\/21SHOCK4\/\";<!-- [et_pb_line_break_holder] -->        } else if (text === \"21TICKET\"){<!-- [et_pb_line_break_holder] -->        urlLink = \"https:\/\/texasprotax.atxclients.com\/21TICKET\/\";<!-- [et_pb_line_break_holder] -->        } else if (text === \"21Ticket\"){<!-- [et_pb_line_break_holder] -->        urlLink = \"https:\/\/texasprotax.atxclients.com\/21TICKET\/\";<!-- [et_pb_line_break_holder] -->        } else if (text === \"21ticket\"){<!-- [et_pb_line_break_holder] -->        urlLink = \"https:\/\/texasprotax.atxclients.com\/21TICKET\/\";<!-- [et_pb_line_break_holder] -->        }  else if (text === \"DEADLINE\"){<!-- [et_pb_line_break_holder] -->        urlLink = \"https:\/\/texasprotax.atxclients.com\/DEADLINE\/\";<!-- [et_pb_line_break_holder] -->        } else if (text === \"Deadline\"){<!-- [et_pb_line_break_holder] -->        urlLink = \"https:\/\/texasprotax.atxclients.com\/DEADLINE\/\";<!-- [et_pb_line_break_holder] -->        } else if (text === \"deadline\"){<!-- [et_pb_line_break_holder] -->        urlLink = \"https:\/\/texasprotax.atxclients.com\/DEADLINE\/\";<!-- [et_pb_line_break_holder] -->        } else if (text === \"21SPACE\"){<!-- [et_pb_line_break_holder] -->        urlLink = \"https:\/\/texasprotax.atxclients.com\/21SPACE\/\";<!-- [et_pb_line_break_holder] -->        } else if (text === \"21Space\"){<!-- [et_pb_line_break_holder] -->        urlLink = \"https:\/\/texasprotax.atxclients.com\/21SPACE\/\";<!-- [et_pb_line_break_holder] -->        } else if (text === \"21space\"){<!-- [et_pb_line_break_holder] -->        urlLink = \"https:\/\/texasprotax.atxclients.com\/21SPACE\/\";<!-- [et_pb_line_break_holder] -->        } else {<!-- [et_pb_line_break_holder] -->        \/\/change form method to get for proper handling by controller<!-- [et_pb_line_break_holder] -->        urlLink = urlLink + text;<!-- [et_pb_line_break_holder] -->        promoForm.method = \"get\";<!-- [et_pb_line_break_holder] -->        }<!-- [et_pb_line_break_holder] -->        promoForm.action = urlLink;<!-- [et_pb_line_break_holder] -->}<!-- [et_pb_line_break_holder] --><\/script>[\/et_pb_code][\/et_pb_column][\/et_pb_row][\/et_pb_section]<\/p>\n","protected":false},"excerpt":{"rendered":"<p>c\u00f3digoPor favor, introduzca el c\u00f3digo que recibi\u00f3 en su tarjeta personalizada*<\/p>\n","protected":false},"author":1,"featured_media":0,"parent":0,"menu_order":0,"comment_status":"closed","ping_status":"closed","template":"","meta":{"_acf_changed":false,"_et_pb_use_builder":"on","_et_pb_old_content":"","_et_gb_content_width":"","footnotes":""},"class_list":["post-5359","page","type-page","status-publish","hentry"],"acf":[],"yoast_head":"<!-- This site is optimized with the Yoast SEO Premium plugin v25.5 (Yoast SEO v27.4) - https:\/\/yoast.com\/product\/yoast-seo-premium-wordpress\/ -->\n<title>Error en la promoci\u00f3n de Texas Protax - Impuesto sobre la renta de Tejas<\/title>\n<meta name=\"robots\" content=\"index, follow, max-snippet:-1, max-image-preview:large, max-video-preview:-1\" \/>\n<link rel=\"canonical\" href=\"https:\/\/texasprotax.atxclients.com\/es\/error-en-la-promocion-de-texas-protax\/\" \/>\n<meta property=\"og:locale\" content=\"es_ES\" \/>\n<meta property=\"og:type\" content=\"article\" \/>\n<meta property=\"og:title\" content=\"Error en la promoci\u00f3n de Texas Protax\" \/>\n<meta property=\"og:description\" content=\"c\u00f3digoPor favor, introduzca el c\u00f3digo que recibi\u00f3 en su tarjeta personalizada*\" \/>\n<meta property=\"og:url\" content=\"https:\/\/texasprotax.atxclients.com\/es\/error-en-la-promocion-de-texas-protax\/\" \/>\n<meta property=\"og:site_name\" content=\"Impuesto sobre la renta de Tejas\" \/>\n<meta property=\"article:publisher\" content=\"https:\/\/www.facebook.com\/texasprotax\" \/>\n<meta property=\"article:modified_time\" content=\"2025-08-27T08:06:51+00:00\" \/>\n<meta name=\"twitter:card\" content=\"summary_large_image\" \/>\n<meta name=\"twitter:label1\" content=\"Tiempo de lectura\" \/>\n\t<meta name=\"twitter:data1\" content=\"3 minutos\" \/>\n<script type=\"application\/ld+json\" class=\"yoast-schema-graph\">{\"@context\":\"https:\\\/\\\/schema.org\",\"@graph\":[{\"@type\":\"WebPage\",\"@id\":\"https:\\\/\\\/texasprotax.atxclients.com\\\/es\\\/error-en-la-promocion-de-texas-protax\\\/\",\"url\":\"https:\\\/\\\/texasprotax.atxclients.com\\\/es\\\/error-en-la-promocion-de-texas-protax\\\/\",\"name\":\"Error en la promoci\u00f3n de Texas Protax - Impuesto sobre la renta de Tejas\",\"isPartOf\":{\"@id\":\"https:\\\/\\\/texasprotax.atxclients.com\\\/es\\\/#website\"},\"datePublished\":\"2022-02-14T13:37:28+00:00\",\"dateModified\":\"2025-08-27T08:06:51+00:00\",\"breadcrumb\":{\"@id\":\"https:\\\/\\\/texasprotax.atxclients.com\\\/es\\\/error-en-la-promocion-de-texas-protax\\\/#breadcrumb\"},\"inLanguage\":\"es\",\"potentialAction\":[{\"@type\":\"ReadAction\",\"target\":[\"https:\\\/\\\/texasprotax.atxclients.com\\\/es\\\/error-en-la-promocion-de-texas-protax\\\/\"]}]},{\"@type\":\"BreadcrumbList\",\"@id\":\"https:\\\/\\\/texasprotax.atxclients.com\\\/es\\\/error-en-la-promocion-de-texas-protax\\\/#breadcrumb\",\"itemListElement\":[{\"@type\":\"ListItem\",\"position\":1,\"name\":\"Home\",\"item\":\"https:\\\/\\\/texasprotax.atxclients.com\\\/es\\\/\"},{\"@type\":\"ListItem\",\"position\":2,\"name\":\"Error en la promoci\u00f3n de Texas Protax\"}]},{\"@type\":\"WebSite\",\"@id\":\"https:\\\/\\\/texasprotax.atxclients.com\\\/es\\\/#website\",\"url\":\"https:\\\/\\\/texasprotax.atxclients.com\\\/es\\\/\",\"name\":\"Impuesto sobre la renta de Tejas\",\"description\":\"Texas Protax in Austin &amp; Houston - Serving Commercial &amp; Residential Property Tax Reduction &amp; Consulting Services \u2014 Texas Protax\",\"publisher\":{\"@id\":\"https:\\\/\\\/texasprotax.atxclients.com\\\/es\\\/#organization\"},\"potentialAction\":[{\"@type\":\"SearchAction\",\"target\":{\"@type\":\"EntryPoint\",\"urlTemplate\":\"https:\\\/\\\/texasprotax.atxclients.com\\\/es\\\/?s={search_term_string}\"},\"query-input\":{\"@type\":\"PropertyValueSpecification\",\"valueRequired\":true,\"valueName\":\"search_term_string\"}}],\"inLanguage\":\"es\"},{\"@type\":\"Organization\",\"@id\":\"https:\\\/\\\/texasprotax.atxclients.com\\\/es\\\/#organization\",\"name\":\"Texas Protax LLC\",\"url\":\"https:\\\/\\\/texasprotax.atxclients.com\\\/es\\\/\",\"logo\":{\"@type\":\"ImageObject\",\"inLanguage\":\"es\",\"@id\":\"https:\\\/\\\/texasprotax.atxclients.com\\\/es\\\/#\\\/schema\\\/logo\\\/image\\\/\",\"url\":\"https:\\\/\\\/texasprotax.atxclients.com\\\/wp-content\\\/uploads\\\/2022\\\/08\\\/1988-Year-Logo-scaled.jpg\",\"contentUrl\":\"https:\\\/\\\/texasprotax.atxclients.com\\\/wp-content\\\/uploads\\\/2022\\\/08\\\/1988-Year-Logo-scaled.jpg\",\"width\":2560,\"height\":1409,\"caption\":\"Texas Protax LLC\"},\"image\":{\"@id\":\"https:\\\/\\\/texasprotax.atxclients.com\\\/es\\\/#\\\/schema\\\/logo\\\/image\\\/\"},\"sameAs\":[\"https:\\\/\\\/www.facebook.com\\\/texasprotax\",\"https:\\\/\\\/www.linkedin.com\\\/company\\\/364488\\\/admin\\\/\",\"https:\\\/\\\/www.instagram.com\\\/texasprotax\\\/?hl=en\"]}]}<\/script>\n<!-- \/ Yoast SEO Premium plugin. -->","yoast_head_json":{"title":"Error en la promoci\u00f3n de Texas Protax - Impuesto sobre la renta de Tejas","robots":{"index":"index","follow":"follow","max-snippet":"max-snippet:-1","max-image-preview":"max-image-preview:large","max-video-preview":"max-video-preview:-1"},"canonical":"https:\/\/texasprotax.atxclients.com\/es\/error-en-la-promocion-de-texas-protax\/","og_locale":"es_ES","og_type":"article","og_title":"Error en la promoci\u00f3n de Texas Protax","og_description":"c\u00f3digoPor favor, introduzca el c\u00f3digo que recibi\u00f3 en su tarjeta personalizada*","og_url":"https:\/\/texasprotax.atxclients.com\/es\/error-en-la-promocion-de-texas-protax\/","og_site_name":"Impuesto sobre la renta de Tejas","article_publisher":"https:\/\/www.facebook.com\/texasprotax","article_modified_time":"2025-08-27T08:06:51+00:00","twitter_card":"summary_large_image","twitter_misc":{"Tiempo de lectura":"3 minutos"},"schema":{"@context":"https:\/\/schema.org","@graph":[{"@type":"WebPage","@id":"https:\/\/texasprotax.atxclients.com\/es\/error-en-la-promocion-de-texas-protax\/","url":"https:\/\/texasprotax.atxclients.com\/es\/error-en-la-promocion-de-texas-protax\/","name":"Error en la promoci\u00f3n de Texas Protax - Impuesto sobre la renta de Tejas","isPartOf":{"@id":"https:\/\/texasprotax.atxclients.com\/es\/#website"},"datePublished":"2022-02-14T13:37:28+00:00","dateModified":"2025-08-27T08:06:51+00:00","breadcrumb":{"@id":"https:\/\/texasprotax.atxclients.com\/es\/error-en-la-promocion-de-texas-protax\/#breadcrumb"},"inLanguage":"es","potentialAction":[{"@type":"ReadAction","target":["https:\/\/texasprotax.atxclients.com\/es\/error-en-la-promocion-de-texas-protax\/"]}]},{"@type":"BreadcrumbList","@id":"https:\/\/texasprotax.atxclients.com\/es\/error-en-la-promocion-de-texas-protax\/#breadcrumb","itemListElement":[{"@type":"ListItem","position":1,"name":"Home","item":"https:\/\/texasprotax.atxclients.com\/es\/"},{"@type":"ListItem","position":2,"name":"Error en la promoci\u00f3n de Texas Protax"}]},{"@type":"WebSite","@id":"https:\/\/texasprotax.atxclients.com\/es\/#website","url":"https:\/\/texasprotax.atxclients.com\/es\/","name":"Impuesto sobre la renta de Tejas","description":"Texas Protax in Austin &amp; Houston - Serving Commercial &amp; Residential Property Tax Reduction &amp; Consulting Services \u2014 Texas Protax","publisher":{"@id":"https:\/\/texasprotax.atxclients.com\/es\/#organization"},"potentialAction":[{"@type":"SearchAction","target":{"@type":"EntryPoint","urlTemplate":"https:\/\/texasprotax.atxclients.com\/es\/?s={search_term_string}"},"query-input":{"@type":"PropertyValueSpecification","valueRequired":true,"valueName":"search_term_string"}}],"inLanguage":"es"},{"@type":"Organization","@id":"https:\/\/texasprotax.atxclients.com\/es\/#organization","name":"Texas Protax LLC","url":"https:\/\/texasprotax.atxclients.com\/es\/","logo":{"@type":"ImageObject","inLanguage":"es","@id":"https:\/\/texasprotax.atxclients.com\/es\/#\/schema\/logo\/image\/","url":"https:\/\/texasprotax.atxclients.com\/wp-content\/uploads\/2022\/08\/1988-Year-Logo-scaled.jpg","contentUrl":"https:\/\/texasprotax.atxclients.com\/wp-content\/uploads\/2022\/08\/1988-Year-Logo-scaled.jpg","width":2560,"height":1409,"caption":"Texas Protax LLC"},"image":{"@id":"https:\/\/texasprotax.atxclients.com\/es\/#\/schema\/logo\/image\/"},"sameAs":["https:\/\/www.facebook.com\/texasprotax","https:\/\/www.linkedin.com\/company\/364488\/admin\/","https:\/\/www.instagram.com\/texasprotax\/?hl=en"]}]}},"_links":{"self":[{"href":"https:\/\/texasprotax.atxclients.com\/es\/wp-json\/wp\/v2\/pages\/5359","targetHints":{"allow":["GET"]}}],"collection":[{"href":"https:\/\/texasprotax.atxclients.com\/es\/wp-json\/wp\/v2\/pages"}],"about":[{"href":"https:\/\/texasprotax.atxclients.com\/es\/wp-json\/wp\/v2\/types\/page"}],"author":[{"embeddable":true,"href":"https:\/\/texasprotax.atxclients.com\/es\/wp-json\/wp\/v2\/users\/1"}],"replies":[{"embeddable":true,"href":"https:\/\/texasprotax.atxclients.com\/es\/wp-json\/wp\/v2\/comments?post=5359"}],"version-history":[{"count":4,"href":"https:\/\/texasprotax.atxclients.com\/es\/wp-json\/wp\/v2\/pages\/5359\/revisions"}],"predecessor-version":[{"id":9904,"href":"https:\/\/texasprotax.atxclients.com\/es\/wp-json\/wp\/v2\/pages\/5359\/revisions\/9904"}],"wp:attachment":[{"href":"https:\/\/texasprotax.atxclients.com\/es\/wp-json\/wp\/v2\/media?parent=5359"}],"curies":[{"name":"wp","href":"https:\/\/api.w.org\/{rel}","templated":true}]}}