{"id":7730,"date":"2025-08-12T12:56:57","date_gmt":"2025-08-12T12:56:57","guid":{"rendered":"https:\/\/texasprotax.atxclients.com\/?page_id=7730"},"modified":"2025-08-12T13:06:28","modified_gmt":"2025-08-12T13:06:28","slug":"faq-2","status":"publish","type":"page","link":"https:\/\/texasprotax.atxclients.com\/es\/faq-2\/","title":{"rendered":"FAQ"},"content":{"rendered":"<p><span data-mce-type=\"bookmark\" style=\"display: inline-block; width: 0px; overflow: hidden; line-height: 0;\" class=\"mce_SELRES_start\">\ufeff<\/span>\n    <div class=\"faq-container\">\n\n        <!-- Search -->\n        <input type=\"text\" id=\"faqSearch\" class=\"faq-search\" placeholder=\"Search FAQs...\">\n\n        <!-- Tabs -->\n        <div class=\"faq-tabs\">\n<!--             <button class=\"active\" data-category=\"all\">All<\/button> -->\n                            <button data-category=\"helpful-links-es\">\n                    Enlaces \u00fatiles                <\/button>\n                            <button data-category=\"exemptions-es\">\n                    Exenciones                <\/button>\n                            <button data-category=\"billing-es\">\n                    Facturaci\u00f3n                <\/button>\n                            <button data-category=\"top-questions-es\">\n                    Preguntas principales                <\/button>\n                            <button data-category=\"property-tax-appeals-and-deadlines-questions-es\">\n                    Preguntas sobre apelaciones y plazos del impuesto a la propiedad                <\/button>\n                            <button data-category=\"property-value-questions-es\">\n                    Preguntas sobre el valor de la propiedad                <\/button>\n                    <\/div>\n\n        <!-- FAQ List -->\n        <div id=\"faqList\">\n                            <div class=\"faq-item\" data-category=\"helpful-links-es\">\n                    <h3>Oficina de impuestos del condado de Harris<\/h3>\n                    <div class=\"faq-content\"><p>Haga clic <a href=\"https:\/\/www.hctax.net\/property\/propertytax\">AQU\u00cd<\/a> para obtener toda la informaci\u00f3n que pueda necesitar sobre las propiedades del condado de Harris.<\/p>\n<\/div>\n                <\/div>\n                            <div class=\"faq-item\" data-category=\"helpful-links-es\">\n                    <h3>Oficina de impuestos del condado de Williamson<\/h3>\n                    <div class=\"faq-content\"><p>Haga clic <a href=\"https:\/\/www.wilcotx.gov\/734\/Property-Tax\">AQU\u00cd<\/a> para obtener toda la informaci\u00f3n que pueda necesitar sobre las propiedades del condado de Williamson.<\/p>\n<\/div>\n                <\/div>\n                            <div class=\"faq-item\" data-category=\"helpful-links-es\">\n                    <h3>Oficina de Impuestos del condado de Hays<\/h3>\n                    <div class=\"faq-content\"><p>Haga clic <a href=\"https:\/\/tax.co.hays.tx.us\/ShoppingCart\">AQU\u00cd<\/a> para obtener toda la informaci\u00f3n que pueda necesitar sobre las propiedades del condado de Hays.<\/p>\n<\/div>\n                <\/div>\n                            <div class=\"faq-item\" data-category=\"top-questions-es\">\n                    <h3>\u00bfCu\u00e1nto cuesta tu servicio?<\/h3>\n                    <div class=\"faq-content\"><p>Tejas Protax cobra una cuota a final de a\u00f1o. La cuota se <strong>basa en nuestro rendimiento<\/strong>. En el caso de los inmuebles residenciales, la cuota que cobramos a final de a\u00f1o es el <strong><u>mayor de<\/u><\/strong> tres supuestos de comisi\u00f3n:  <\/p>\n<ul>\n<li>La <strong>tasa de reducci\u00f3n fiscal<\/strong> se basa en el <strong>40% del ahorro fiscal real en d\u00f3lares<\/strong>.<\/li>\n<li>Para las propiedades con exenciones (EX: Homestead), hay una <strong>tasa de reducci\u00f3n del valor de mercado<\/strong> calculada SI el valor de mercado se reduce pero no supera el valor tope <strong>(2,50 $\/reducci\u00f3n del valor de 1.000 $)<\/strong>.<\/li>\n<li>La <strong>cuota m\u00ednima <\/strong>es de <strong> 50 $\/propiedad<\/strong>.<\/li>\n<\/ul>\n<p><span class=\"\" dir=\"ltr\">En el caso de los <strong>inmuebles comerciales<\/strong>, la cuota que cobramos al final del a\u00f1o es el <strong><u>mayor de <\/u><\/strong>tres supuestos.<\/span><\/p>\n<ul>\n<li>La <strong>tasa de reducci\u00f3n fiscal<\/strong> se basa en el <strong>33.33% del ahorro fiscal real en d\u00f3lares<\/strong>.<\/li>\n<li>Para las propiedades con exenciones (EX: disyuntor), hay una <strong>tasa de reducci\u00f3n del valor de mercado<\/strong> calculada SI el valor de mercado se reduce pero no supera el valor tope <strong>(2,50 $\/reducci\u00f3n del valor de 1.000 $)<\/strong>.<\/li>\n<li>La <strong>cuota m\u00ednima <\/strong>es de <strong> 50 $\/propiedad<\/strong>.<\/li>\n<\/ul>\n<\/div>\n                <\/div>\n                            <div class=\"faq-item\" data-category=\"helpful-links-es\">\n                    <h3>Oficina de Impuestos del Condado de Travis<\/h3>\n                    <div class=\"faq-content\"><p>Haz clic <a href=\"https:\/\/tax-office.traviscountytx.gov\/properties\">AQU\u00cd<\/a> para obtener toda la informaci\u00f3n que puedas necesitar sobre las propiedades del condado de Travis.<\/p>\n<\/div>\n                <\/div>\n                            <div class=\"faq-item\" data-category=\"exemptions-es\">\n                    <h3>\u00bfMe ayudar\u00e1n con las exenciones a las que tengo derecho?<\/h3>\n                    <div class=\"faq-content\"><p>\u00a1Buenas noticias! La mayor\u00eda de los condados ahora ofrecen solicitudes en l\u00ednea f\u00e1ciles de usar para exenciones de impuestos sobre la propiedad, lo que hace que el proceso sea m\u00e1s accesible que nunca. Si su propiedad es elegible, nuestro equipo est\u00e1 disponible para responder preguntas y orientarle para asegurar que est\u00e9 al d\u00eda con las exenciones que le correspondan. <\/p>\n<p data-start=\"529\" data-end=\"716\">Si bien estaremos encantados de asesorarlo y brindarle apoyo durante el proceso, tenga en cuenta que no estamos legalmente autorizados a enviar solicitudes, proporcionar su licencia de conducir ni firmar en su nombre.<\/p>\n<p data-start=\"718\" data-end=\"821\">Presentar solicitudes de <em data-start=\"727\" data-end=\"735\">exenci\u00f3n <\/em>es gratuito, y obtener esta informaci\u00f3n puede suponer un ahorro considerable. A continuaci\u00f3n, encontrar\u00e1 enlaces \u00fatiles para presentarlas. <\/p>\n<p><strong>Travis:<\/strong> <a href=\"https:\/\/traviscad.org\/homesteadexemptions\">https:\/\/traviscad.org\/homesteadexemptions<\/a><br \/>\n<strong>Williamson:<\/strong> <a href=\"https:\/\/www.wcad.org\/online-exemption-information\/\">https:\/\/www.wcad.org\/online-exemption-information\/<\/a><br \/>\n<strong>Harris: <\/strong><a href=\"https:\/\/hcad.org\/hcad-online-services\/homestead\/\">https:\/\/hcad.org\/hcad-online-services\/homestead\/<\/a><br \/>\n<strong>Hays:<\/strong> <a href=\"https:\/\/forms.hayscad.com\/?_gl=1*1jss1x5*_ga*MTUzMDAzODI4MS4xNzQyOTI4MTQx*_ga_VRLG3ELS2Q*MTc0NDkyMDcwMS4xMy4xLjE3NDQ5MjA3MjMuMC4wLjA.#\/a\/form\/HomesteadExemption\/new\">https:\/\/forms.hayscad.com\/?_gl=1*1jss1x5*_ga*MTUzMDAzODI4MS4xNzQyOTI4MTQx*_ga_VRLG3ELS2Q*MTc0NDkyMDcwMS4xMy4xLjE3NDQ5MjA3MjMuMC4wLjA.#\/a\/form\/HomesteadExemption\/new<\/a><\/p>\n<\/div>\n                <\/div>\n                            <div class=\"faq-item\" data-category=\"exemptions-es\">\n                    <h3>\u00bfQu\u00e9 son las exenciones?<\/h3>\n                    <div class=\"faq-content\"><p>Una exenci\u00f3n elimina parte o la totalidad del valor de tu propiedad de la tributaci\u00f3n de las propiedades cualificadas.<\/p>\n<\/div>\n                <\/div>\n                            <div class=\"faq-item\" data-category=\"billing-es\">\n                    <h3>\u00bfTengo que firmar algo para que vuelvas a representarme el a\u00f1o que viene?<\/h3>\n                    <div class=\"faq-content\"><p>Nuestros acuerdos, tal como los enviamos, son <b>continuos hasta que nos notifique por<\/b> escrito que ya no necesita nuestra representaci\u00f3n. La mayor\u00eda de nuestros acuerdos estipulan que presentaremos una protesta en su nombre cada a\u00f1o y lo haremos autom\u00e1ticamente para que no se le pase la fecha l\u00edmite. <\/p>\n<\/div>\n                <\/div>\n                            <div class=\"faq-item\" data-category=\"billing-es\">\n                    <h3>\u00bfQui\u00e9n recibe mi factura fiscal?<\/h3>\n                    <div class=\"faq-content\"><p>Texas Protax no recibe tu factura de impuestos ni ninguna comunicaci\u00f3n de la Agencia Tributaria. Nuestra autoridad para representarte s\u00f3lo se extiende al Distrito de Tasaci\u00f3n y a sus comunicaciones. Tu factura de impuestos se enviar\u00e1 por correo a la misma direcci\u00f3n que en a\u00f1os anteriores. Las facturas de impuestos se env\u00edan por correo a quien sea responsable del pago de la factura real. Si no recibes una factura de impuestos por correo, sigue siendo tu responsabilidad como propietario averiguar cu\u00e1nto debes y pagarlo antes de la fecha l\u00edmite del 31 de enero, pero estaremos encantados de ayudarte. Todas las facturas de impuestos pueden consultarse y pagarse por Internet en el sitio web del recaudador de impuestos de tu condado. Encuentra la tuya <a href=\"https:\/\/comptroller.texas.gov\/taxes\/property-tax\/county-directory\/\" target=\"_blank\" rel=\"noopener\">aqu\u00ed<\/a>.      <\/p>\n<\/div>\n                <\/div>\n                            <div class=\"faq-item\" data-category=\"billing-es\">\n                    <h3>\u00bfPuedo deducir tus honorarios en mi declaraci\u00f3n de la renta?<\/h3>\n                    <div class=\"faq-content\"><p>Los honorarios de los asesores s\u00f3lo pueden deducirse de tus impuestos federales sobre la renta de las propiedades que producen ingresos.<\/p>\n<\/div>\n                <\/div>\n                    <\/div>\n\n    <\/div>\n\n    <script>\n    document.addEventListener('DOMContentLoaded', function() {\n\t\tdocument.querySelectorAll('.faq-item h3').forEach(q => {\n    q.addEventListener('click', () => {\n        const content = q.nextElementSibling;\n        const isOpen = content.style.display === 'block';\n        document.querySelectorAll('.faq-item .faq-content').forEach(c => {\n            c.style.display = 'none';\n        });\n        if (!isOpen) {\n            content.style.display = 'block';\n        }\n    });\n});\n\n        \/\/ Toggle FAQ content\n\/\/         document.querySelectorAll('.faq-item h3').forEach(q => {\n\/\/             q.addEventListener('click', () => {\n\/\/                 const content = q.nextElementSibling;\n\/\/                 content.style.display = content.style.display === 'block' ? 'none' : 'block';\n\/\/             });\n\/\/         });\n\n        \/\/ Search\n        document.getElementById('faqSearch').addEventListener('input', function() {\n            const query = this.value.toLowerCase();\n            document.querySelectorAll('#faqList .faq-item').forEach(item => {\n                item.style.display = item.innerText.toLowerCase().includes(query) ? 'block' : 'none';\n            });\n        });\n\n        \/\/ Tabs\n        document.querySelectorAll('.faq-tabs button').forEach(btn => {\n            btn.addEventListener('click', function() {\n                document.querySelectorAll('.faq-tabs button').forEach(b => b.classList.remove('active'));\n                this.classList.add('active');\n                const cat = this.getAttribute('data-category');\n                document.querySelectorAll('#faqList .faq-item').forEach(item => {\n                    item.style.display = (cat === 'all' || item.getAttribute('data-category').includes(cat)) ? 'block' : 'none';\n                });\n            });\n        });\n    });\n    <\/script>\n\n    <span data-mce-type=\"bookmark\" style=\"display: inline-block; width: 0px; overflow: hidden; line-height: 0;\" class=\"mce_SELRES_end\">\ufeff<\/span><\/p>\n","protected":false},"excerpt":{"rendered":"<p>\ufeff\ufeff<\/p>\n","protected":false},"author":1,"featured_media":0,"parent":0,"menu_order":0,"comment_status":"closed","ping_status":"closed","template":"","meta":{"_acf_changed":false,"_et_pb_use_builder":"","_et_pb_old_content":"","_et_gb_content_width":"","footnotes":""},"class_list":["post-7730","page","type-page","status-publish","hentry"],"acf":[],"yoast_head":"<!-- This site is optimized with the Yoast SEO Premium plugin v25.5 (Yoast SEO v27.4) - https:\/\/yoast.com\/product\/yoast-seo-premium-wordpress\/ -->\n<title>FAQ - Impuesto sobre la renta de Tejas<\/title>\n<meta name=\"robots\" content=\"index, follow, max-snippet:-1, max-image-preview:large, max-video-preview:-1\" \/>\n<link rel=\"canonical\" href=\"https:\/\/texasprotax.atxclients.com\/es\/faq-2\/\" \/>\n<meta property=\"og:locale\" content=\"es_ES\" \/>\n<meta property=\"og:type\" content=\"article\" \/>\n<meta property=\"og:title\" content=\"FAQ\" \/>\n<meta property=\"og:description\" content=\"\ufeff\ufeff\" \/>\n<meta property=\"og:url\" content=\"https:\/\/texasprotax.atxclients.com\/es\/faq-2\/\" \/>\n<meta property=\"og:site_name\" content=\"Impuesto sobre la renta de Tejas\" \/>\n<meta property=\"article:publisher\" content=\"https:\/\/www.facebook.com\/texasprotax\" \/>\n<meta property=\"article:modified_time\" content=\"2025-08-12T13:06:28+00:00\" \/>\n<meta name=\"twitter:card\" content=\"summary_large_image\" \/>\n<script type=\"application\/ld+json\" class=\"yoast-schema-graph\">{\"@context\":\"https:\\\/\\\/schema.org\",\"@graph\":[{\"@type\":\"WebPage\",\"@id\":\"https:\\\/\\\/texasprotax.atxclients.com\\\/es\\\/faq-2\\\/\",\"url\":\"https:\\\/\\\/texasprotax.atxclients.com\\\/es\\\/faq-2\\\/\",\"name\":\"FAQ - Impuesto sobre la renta de Tejas\",\"isPartOf\":{\"@id\":\"https:\\\/\\\/texasprotax.atxclients.com\\\/es\\\/#website\"},\"datePublished\":\"2025-08-12T12:56:57+00:00\",\"dateModified\":\"2025-08-12T13:06:28+00:00\",\"breadcrumb\":{\"@id\":\"https:\\\/\\\/texasprotax.atxclients.com\\\/es\\\/faq-2\\\/#breadcrumb\"},\"inLanguage\":\"es\",\"potentialAction\":[{\"@type\":\"ReadAction\",\"target\":[\"https:\\\/\\\/texasprotax.atxclients.com\\\/es\\\/faq-2\\\/\"]}]},{\"@type\":\"BreadcrumbList\",\"@id\":\"https:\\\/\\\/texasprotax.atxclients.com\\\/es\\\/faq-2\\\/#breadcrumb\",\"itemListElement\":[{\"@type\":\"ListItem\",\"position\":1,\"name\":\"Home\",\"item\":\"https:\\\/\\\/texasprotax.atxclients.com\\\/es\\\/\"},{\"@type\":\"ListItem\",\"position\":2,\"name\":\"FAQ\"}]},{\"@type\":\"WebSite\",\"@id\":\"https:\\\/\\\/texasprotax.atxclients.com\\\/es\\\/#website\",\"url\":\"https:\\\/\\\/texasprotax.atxclients.com\\\/es\\\/\",\"name\":\"Impuesto sobre la renta de Tejas\",\"description\":\"Texas Protax in Austin &amp; Houston - Serving Commercial &amp; Residential Property Tax Reduction &amp; Consulting Services \u2014 Texas Protax\",\"publisher\":{\"@id\":\"https:\\\/\\\/texasprotax.atxclients.com\\\/es\\\/#organization\"},\"potentialAction\":[{\"@type\":\"SearchAction\",\"target\":{\"@type\":\"EntryPoint\",\"urlTemplate\":\"https:\\\/\\\/texasprotax.atxclients.com\\\/es\\\/?s={search_term_string}\"},\"query-input\":{\"@type\":\"PropertyValueSpecification\",\"valueRequired\":true,\"valueName\":\"search_term_string\"}}],\"inLanguage\":\"es\"},{\"@type\":\"Organization\",\"@id\":\"https:\\\/\\\/texasprotax.atxclients.com\\\/es\\\/#organization\",\"name\":\"Texas Protax LLC\",\"url\":\"https:\\\/\\\/texasprotax.atxclients.com\\\/es\\\/\",\"logo\":{\"@type\":\"ImageObject\",\"inLanguage\":\"es\",\"@id\":\"https:\\\/\\\/texasprotax.atxclients.com\\\/es\\\/#\\\/schema\\\/logo\\\/image\\\/\",\"url\":\"https:\\\/\\\/texasprotax.atxclients.com\\\/wp-content\\\/uploads\\\/2022\\\/08\\\/1988-Year-Logo-scaled.jpg\",\"contentUrl\":\"https:\\\/\\\/texasprotax.atxclients.com\\\/wp-content\\\/uploads\\\/2022\\\/08\\\/1988-Year-Logo-scaled.jpg\",\"width\":2560,\"height\":1409,\"caption\":\"Texas Protax LLC\"},\"image\":{\"@id\":\"https:\\\/\\\/texasprotax.atxclients.com\\\/es\\\/#\\\/schema\\\/logo\\\/image\\\/\"},\"sameAs\":[\"https:\\\/\\\/www.facebook.com\\\/texasprotax\",\"https:\\\/\\\/www.linkedin.com\\\/company\\\/364488\\\/admin\\\/\",\"https:\\\/\\\/www.instagram.com\\\/texasprotax\\\/?hl=en\"]}]}<\/script>\n<!-- \/ Yoast SEO Premium plugin. -->","yoast_head_json":{"title":"FAQ - Impuesto sobre la renta de Tejas","robots":{"index":"index","follow":"follow","max-snippet":"max-snippet:-1","max-image-preview":"max-image-preview:large","max-video-preview":"max-video-preview:-1"},"canonical":"https:\/\/texasprotax.atxclients.com\/es\/faq-2\/","og_locale":"es_ES","og_type":"article","og_title":"FAQ","og_description":"\ufeff\ufeff","og_url":"https:\/\/texasprotax.atxclients.com\/es\/faq-2\/","og_site_name":"Impuesto sobre la renta de Tejas","article_publisher":"https:\/\/www.facebook.com\/texasprotax","article_modified_time":"2025-08-12T13:06:28+00:00","twitter_card":"summary_large_image","schema":{"@context":"https:\/\/schema.org","@graph":[{"@type":"WebPage","@id":"https:\/\/texasprotax.atxclients.com\/es\/faq-2\/","url":"https:\/\/texasprotax.atxclients.com\/es\/faq-2\/","name":"FAQ - Impuesto sobre la renta de Tejas","isPartOf":{"@id":"https:\/\/texasprotax.atxclients.com\/es\/#website"},"datePublished":"2025-08-12T12:56:57+00:00","dateModified":"2025-08-12T13:06:28+00:00","breadcrumb":{"@id":"https:\/\/texasprotax.atxclients.com\/es\/faq-2\/#breadcrumb"},"inLanguage":"es","potentialAction":[{"@type":"ReadAction","target":["https:\/\/texasprotax.atxclients.com\/es\/faq-2\/"]}]},{"@type":"BreadcrumbList","@id":"https:\/\/texasprotax.atxclients.com\/es\/faq-2\/#breadcrumb","itemListElement":[{"@type":"ListItem","position":1,"name":"Home","item":"https:\/\/texasprotax.atxclients.com\/es\/"},{"@type":"ListItem","position":2,"name":"FAQ"}]},{"@type":"WebSite","@id":"https:\/\/texasprotax.atxclients.com\/es\/#website","url":"https:\/\/texasprotax.atxclients.com\/es\/","name":"Impuesto sobre la renta de Tejas","description":"Texas Protax in Austin &amp; Houston - Serving Commercial &amp; Residential Property Tax Reduction &amp; Consulting Services \u2014 Texas Protax","publisher":{"@id":"https:\/\/texasprotax.atxclients.com\/es\/#organization"},"potentialAction":[{"@type":"SearchAction","target":{"@type":"EntryPoint","urlTemplate":"https:\/\/texasprotax.atxclients.com\/es\/?s={search_term_string}"},"query-input":{"@type":"PropertyValueSpecification","valueRequired":true,"valueName":"search_term_string"}}],"inLanguage":"es"},{"@type":"Organization","@id":"https:\/\/texasprotax.atxclients.com\/es\/#organization","name":"Texas Protax LLC","url":"https:\/\/texasprotax.atxclients.com\/es\/","logo":{"@type":"ImageObject","inLanguage":"es","@id":"https:\/\/texasprotax.atxclients.com\/es\/#\/schema\/logo\/image\/","url":"https:\/\/texasprotax.atxclients.com\/wp-content\/uploads\/2022\/08\/1988-Year-Logo-scaled.jpg","contentUrl":"https:\/\/texasprotax.atxclients.com\/wp-content\/uploads\/2022\/08\/1988-Year-Logo-scaled.jpg","width":2560,"height":1409,"caption":"Texas Protax LLC"},"image":{"@id":"https:\/\/texasprotax.atxclients.com\/es\/#\/schema\/logo\/image\/"},"sameAs":["https:\/\/www.facebook.com\/texasprotax","https:\/\/www.linkedin.com\/company\/364488\/admin\/","https:\/\/www.instagram.com\/texasprotax\/?hl=en"]}]}},"_links":{"self":[{"href":"https:\/\/texasprotax.atxclients.com\/es\/wp-json\/wp\/v2\/pages\/7730","targetHints":{"allow":["GET"]}}],"collection":[{"href":"https:\/\/texasprotax.atxclients.com\/es\/wp-json\/wp\/v2\/pages"}],"about":[{"href":"https:\/\/texasprotax.atxclients.com\/es\/wp-json\/wp\/v2\/types\/page"}],"author":[{"embeddable":true,"href":"https:\/\/texasprotax.atxclients.com\/es\/wp-json\/wp\/v2\/users\/1"}],"replies":[{"embeddable":true,"href":"https:\/\/texasprotax.atxclients.com\/es\/wp-json\/wp\/v2\/comments?post=7730"}],"version-history":[{"count":3,"href":"https:\/\/texasprotax.atxclients.com\/es\/wp-json\/wp\/v2\/pages\/7730\/revisions"}],"predecessor-version":[{"id":7740,"href":"https:\/\/texasprotax.atxclients.com\/es\/wp-json\/wp\/v2\/pages\/7730\/revisions\/7740"}],"wp:attachment":[{"href":"https:\/\/texasprotax.atxclients.com\/es\/wp-json\/wp\/v2\/media?parent=7730"}],"curies":[{"name":"wp","href":"https:\/\/api.w.org\/{rel}","templated":true}]}}